{"id":466,"date":"2021-05-18T19:25:27","date_gmt":"2021-05-18T17:25:27","guid":{"rendered":"https:\/\/threeseasonsbike.com\/site\/enduro-tours\/"},"modified":"2026-02-09T18:04:49","modified_gmt":"2026-02-09T17:04:49","slug":"enduro-tours","status":"publish","type":"page","link":"https:\/\/threeseasonsbike.com\/it\/enduro-tours\/","title":{"rendered":"Tours"},"content":{"rendered":"<div class=\"wpb-content-wrapper\"><p>[vc_row full_width=&#8221;stretch_row_content_no_spaces&#8221; css=&#8221;.vc_custom_1770656624948{background-image: url(https:\/\/threeseasonsbike.com\/site\/wp-content\/uploads\/2026\/02\/Three-Seasons-tours-header-scaled.jpg?id=884) !important;background-position: center !important;background-repeat: no-repeat !important;background-size: cover !important;}&#8221;][vc_column offset=&#8221;vc_hidden-sm vc_hidden-xs&#8221;][vc_empty_space height=&#8221;400px&#8221;][vc_column_text css=&#8221;&#8221; el_class=&#8221;large-spacing-one&#8221;]<\/p>\n<h1 style=\"text-align: center;\">TOURS<\/h1>\n<p>[\/vc_column_text][vc_column_text css=&#8221;.vc_custom_1622651923193{padding-right: 20% !important;padding-left: 20% !important;}&#8221; el_class=&#8221;normalspacing&#8221;]<\/p>\n<h2 style=\"text-align: center;\">Vette che raggiungono i 4000 metri, ghiacciai, passi alpini: pedala con noi sui sentieri della Valle d&#8217;Aosta, immerso in uno scenario unico al mondo.<\/h2>\n<p>[\/vc_column_text][vc_empty_space height=&#8221;400px&#8221;][\/vc_column][\/vc_row][vc_row full_width=&#8221;stretch_row_content_no_spaces&#8221; css=&#8221;.vc_custom_1770656680092{background-image: url(https:\/\/threeseasonsbike.com\/site\/wp-content\/uploads\/2026\/02\/Three-Seasons-tours-header-mobi2026-scaled.jpg?id=894) !important;background-position: center !important;background-repeat: no-repeat !important;background-size: cover !important;}&#8221;][vc_column offset=&#8221;vc_hidden-lg vc_hidden-md&#8221;][vc_empty_space height=&#8221;200px&#8221;][vc_column_text css=&#8221;&#8221; el_class=&#8221;large-spacing-three&#8221;]<\/p>\n<h1 style=\"text-align: center;\">TOURS<\/h1>\n<p>[\/vc_column_text][vc_column_text css=&#8221;.vc_custom_1622651934398{padding-right: 7% !important;padding-left: 7% !important;}&#8221; el_class=&#8221;normalspacing&#8221;]<\/p>\n<h2 style=\"text-align: center;\">Vette che raggiungono i 4000 metri, ghiacciai, passi alpini: pedala con noi sui sentieri della Valle d&#8217;Aosta, immerso in uno scenario unico al mondo.<\/h2>\n<p>[\/vc_column_text][vc_empty_space height=&#8221;250px&#8221;][\/vc_column][\/vc_row][vc_row css=&#8221;.vc_custom_1622220097195{padding-right: 10% !important;padding-left: 10% !important;}&#8221;][vc_column width=&#8221;1\/2&#8243; css=&#8221;.vc_custom_1622220105050{padding-right: 10% !important;padding-left: 10% !important;}&#8221;][vc_empty_space height=&#8221;80px&#8221;][vc_single_image image=&#8221;861&#8243; img_size=&#8221;full&#8221; alignment=&#8221;center&#8221; style=&#8221;vc_box_shadow_3d&#8221; css=&#8221;&#8221;][\/vc_column][vc_column width=&#8221;1\/2&#8243; css=&#8221;.vc_custom_1622220112315{padding-right: 10% !important;padding-left: 10% !important;}&#8221;][vc_empty_space height=&#8221;80px&#8221;][vc_column_text css=&#8221;&#8221;]<\/p>\n<h2 class=\"vc_custom_heading\">TOURS<\/h2>\n<p>[\/vc_column_text][vc_column_text]La Valle d\u2019Aosta copre un&#8217;area di 3.263 km2, con 19 vallate collegate da oltre 5.000 km di trail naturali.<br \/>\nCi\u00f2 significa infinite possibilit\u00e0 di progettare la vostra escursione in mountain bike del cuore: costeggiando i ghiacciai del Monte Bianco fino al parco nazionale del Gran Paradiso, passando per rifugi, bivacchi e vie storiche, in uno scenario unico al mondo.<\/p>\n<p>I nostri Enduro Tours sono pensati insieme a voi, in base al vostro livello di riding, secondo le vostre necessit\u00e0: volete sedere comodi su una seggiovia o sui nostri Bike Shuttle per raggiungere i sentieri pi\u00f9 alti della Valle? Eccoci qui, pronti a soddisfare le vostre esigenze e farvi i mountain biker pi\u00f9 felici.[\/vc_column_text][vc_empty_space height=&#8221;40px&#8221;][\/vc_column][\/vc_row][vc_row][vc_column][vc_row_inner][vc_column_inner css=&#8221;.vc_custom_1622645364791{padding-right: 15% !important;padding-left: 15% !important;}&#8221; offset=&#8221;vc_hidden-sm vc_hidden-xs&#8221;][vc_empty_space height=&#8221;80px&#8221;][vc_column_text el_class=&#8221;payoff-h1&#8243;]<\/p>\n<h1 style=\"text-align: center; margin-top: 20px; font-size: 29px !important;\">Pensi che un&#8217;intera giornata di Bike Shuttle non ti basti? Sfida te stesso con i nostri Enduro Tours sui pi\u00f9 di 5000 km di sentieri lungo tutta la Valle d&#8217;Aosta.<\/h1>\n<p>[\/vc_column_text][vc_empty_space height=&#8221;5px&#8221;][vc_column_text el_class=&#8221;payoff-h1&#8243;]<\/p>\n<h1 style=\"text-align: center;\">Troverai dislivelli postivi e negativi adatti ad ogni tipo di livello di esperienza.<\/h1>\n<p>[\/vc_column_text][vc_empty_space height=&#8221;5px&#8221;][vc_column_text el_class=&#8221;payoff-h1&#8243;]<\/p>\n<h1 style=\"text-align: center; margin-top: 20px; font-size: 29px !important;\">Ai mountain bikers pi\u00f9 preparati che vogliono conquistare l&#8217;intera regione, offriamo l&#8217;esperienza di valicare i numerosi passi alpini da vallata a vallata.<\/h1>\n<p>[\/vc_column_text][vc_empty_space height=&#8221;80px&#8221;][\/vc_column_inner][\/vc_row_inner][vc_row_inner][vc_column_inner offset=&#8221;vc_hidden-lg vc_hidden-md&#8221;][vc_empty_space height=&#8221;40px&#8221;][vc_column_text el_class=&#8221;payoff-h1&#8243;]<\/p>\n<h1 style=\"text-align: center; margin-top: 20px; font-size: 29px !important;\">Pensi che un&#8217;intera giornata di Bike Shuttle non ti basti? Sfida te stesso con i nostri Enduro Tours sui pi\u00f9 di 5000 km di sentieri lungo tutta la Valle d&#8217;Aosta.<\/h1>\n<p>[\/vc_column_text][vc_empty_space height=&#8221;5px&#8221;][vc_column_text el_class=&#8221;payoff-h1&#8243;]<\/p>\n<h1 style=\"text-align: center;\">Troverai dislivelli postivi e negativi adatti ad ogni tipo di livello di esperienza.<\/h1>\n<p>[\/vc_column_text][vc_empty_space height=&#8221;5px&#8221;][vc_column_text el_class=&#8221;payoff-h1&#8243;]<\/p>\n<h1 style=\"text-align: center; margin-top: 20px; font-size: 29px !important;\">Ai mountain bikers pi\u00f9 preparati che vogliono conquistare l&#8217;intera regione, offriamo l&#8217;esperienza di valicare i numerosi passi alpini da vallata a vallata.<\/h1>\n<p>[\/vc_column_text][vc_empty_space height=&#8221;40px&#8221;][\/vc_column_inner][\/vc_row_inner][\/vc_column][\/vc_row][vc_row][vc_column][vc_empty_space height=&#8221;80px&#8221;][vc_column_text]<\/p>\n<h2 class=\"vc_custom_heading\" style=\"text-align: center;\">PREZZI<\/h2>\n<p>[\/vc_column_text][vc_empty_space height=&#8221;40px&#8221;][vc_row_inner css=&#8221;.vc_custom_1622221282273{padding-right: 10% !important;padding-left: 10% !important;}&#8221;][vc_column_inner width=&#8221;1\/4&#8243;][lab_pricing_table purchase_link=&#8221;url:https%3A%2F%2Fwa.me%2F%2B393463882034|title:PRENOTA|target:_blank&#8221; table_style=&#8221;minimal&#8221; plan_price=&#8221;85 \u20ac&#8221; plan_description=&#8221;Prezzo per persona, un giorno di tour.&#8221; title=&#8221;7 persone&#8221;][\/vc_column_inner][vc_column_inner width=&#8221;1\/4&#8243;][lab_pricing_table purchase_link=&#8221;url:https%3A%2F%2Fwa.me%2F%2B393463882034|title:PRENOTA|target:_blank&#8221; table_style=&#8221;minimal&#8221; plan_price=&#8221;90 \u20ac&#8221; plan_description=&#8221;Prezzo per persona, un giorno di tour.&#8221; title=&#8221;6 persone&#8221;][\/vc_column_inner][vc_column_inner width=&#8221;1\/4&#8243;][lab_pricing_table purchase_link=&#8221;url:https%3A%2F%2Fwa.me%2F%2B393463882034|title:PRENOTA|target:_blank&#8221; table_style=&#8221;minimal&#8221; plan_price=&#8221;100 \u20ac&#8221; plan_description=&#8221;Prezzo per persona, un giorno di tour.&#8221; title=&#8221;5 persone&#8221;][\/vc_column_inner][vc_column_inner width=&#8221;1\/4&#8243;][lab_pricing_table purchase_link=&#8221;url:https%3A%2F%2Fwa.me%2F%2B393463882034|title:PRENOTA|target:_blank&#8221; table_style=&#8221;minimal&#8221; plan_price=&#8221;120 \u20ac&#8221; plan_description=&#8221;Prezzo per persona, un giorno di tour.&#8221; title=&#8221;4 persone&#8221;][\/vc_column_inner][\/vc_row_inner][vc_empty_space height=&#8221;20px&#8221;][vc_row_inner css=&#8221;.vc_custom_1622223550949{padding-right: 10% !important;padding-left: 10% !important;}&#8221;][vc_column_inner width=&#8221;1\/4&#8243;][lab_pricing_table purchase_link=&#8221;url:https%3A%2F%2Fwa.me%2F%2B393463882034|title:PRENOTA|target:_blank&#8221; table_style=&#8221;minimal&#8221; plan_price=&#8221;140 \u20ac&#8221; plan_description=&#8221;Prezzo per persona, un giorno di tour.&#8221; title=&#8221;3 persone&#8221;][\/vc_column_inner][vc_column_inner width=&#8221;1\/4&#8243;][lab_pricing_table purchase_link=&#8221;url:https%3A%2F%2Fwa.me%2F%2B393463882034|title:PRENOTA|target:_blank&#8221; table_style=&#8221;minimal&#8221; plan_price=&#8221;190 \u20ac&#8221; plan_description=&#8221;Prezzo per persona, un giorno di tour.&#8221; title=&#8221;2 persone&#8221;][\/vc_column_inner][vc_column_inner width=&#8221;1\/4&#8243;][lab_pricing_table purchase_link=&#8221;url:https%3A%2F%2Fwa.me%2F%2B393463882034|title:PRENOTA|target:_blank&#8221; table_style=&#8221;minimal&#8221; plan_price=&#8221;350 \u20ac&#8221; plan_description=&#8221;Prezzo per persona, un giorno di tour.&#8221; title=&#8221;1 persona&#8221;][\/vc_column_inner][vc_column_inner width=&#8221;1\/4&#8243;][lab_pricing_table purchase_link=&#8221;url:mailto%3Ainfo%40threeseasonsbike.com|title:SCRIVICI|target:_blank&#8221; table_style=&#8221;minimal&#8221; plan_price=&#8221;Di pi\u00f9?&#8221; plan_description=&#8221;Per tour di pi\u00f9 giorni scrivici un email.&#8221; title=&#8221;Personalizzato&#8221;][\/vc_column_inner][\/vc_row_inner][vc_empty_space height=&#8221;80px&#8221;][\/vc_column][\/vc_row][vc_row full_width=&#8221;stretch_row_content_no_spaces&#8221;][vc_column][vc_masonry_media_grid gap=&#8221;0&#8243; item=&#8221;330&#8243; css=&#8221;&#8221; grid_id=&#8221;vc_gid:1770656649176-6ed57bfe-5593-2&#8243; include=&#8221;324,859,340,320,857,875&#8243;][\/vc_column][\/vc_row][vc_row css=&#8221;.vc_custom_1622221018456{padding-right: 5% !important;padding-left: 5% !important;}&#8221;][vc_column][vc_empty_space height=&#8221;150px&#8221;][\/vc_column][\/vc_row]<\/p>\n<\/div>","protected":false},"excerpt":{"rendered":"<p>[vc_row full_width=&#8221;stretch_row_content_no_spaces&#8221; css=&#8221;.vc_custom_1770656624948{background-image: url(https:\/\/threeseasonsbike.com\/site\/wp-content\/uploads\/2026\/02\/Three-Seasons-tours-header-scaled.jpg?id=884) !important;background-position: center !important;background-repeat: no-repeat !important;background-size: cover !important;}&#8221;][vc_column offset=&#8221;vc_hidden-sm vc_hidden-xs&#8221;][vc_empty_space height=&#8221;400px&#8221;][vc_column_text css=&#8221;&#8221; el_class=&#8221;large-spacing-one&#8221;] TOURS [\/vc_column_text][vc_column_text css=&#8221;.vc_custom_1622651923193{padding-right: 20% !important;padding-left: 20% !important;}&#8221; el_class=&#8221;normalspacing&#8221;] Vette che raggiungono i 4000 metri, ghiacciai, passi alpini: pedala con noi sui sentieri della Valle d&#8217;Aosta, immerso in uno scenario unico al mondo. [\/vc_column_text][vc_empty_space height=&#8221;400px&#8221;][\/vc_column][\/vc_row][vc_row full_width=&#8221;stretch_row_content_no_spaces&#8221; css=&#8221;.vc_custom_1770656680092{background-image: url(https:\/\/threeseasonsbike.com\/site\/wp-content\/uploads\/2026\/02\/Three-Seasons-tours-header-mobi2026-scaled.jpg?id=894) !important;background-position: center&hellip;<\/p>\n","protected":false},"author":2,"featured_media":0,"parent":0,"menu_order":0,"comment_status":"closed","ping_status":"closed","template":"","meta":{"_acf_changed":false,"footnotes":""},"class_list":["post-466","page","type-page","status-publish","hentry"],"acf":[],"_links":{"self":[{"href":"https:\/\/threeseasonsbike.com\/it\/wp-json\/wp\/v2\/pages\/466","targetHints":{"allow":["GET"]}}],"collection":[{"href":"https:\/\/threeseasonsbike.com\/it\/wp-json\/wp\/v2\/pages"}],"about":[{"href":"https:\/\/threeseasonsbike.com\/it\/wp-json\/wp\/v2\/types\/page"}],"author":[{"embeddable":true,"href":"https:\/\/threeseasonsbike.com\/it\/wp-json\/wp\/v2\/users\/2"}],"replies":[{"embeddable":true,"href":"https:\/\/threeseasonsbike.com\/it\/wp-json\/wp\/v2\/comments?post=466"}],"version-history":[{"count":21,"href":"https:\/\/threeseasonsbike.com\/it\/wp-json\/wp\/v2\/pages\/466\/revisions"}],"predecessor-version":[{"id":897,"href":"https:\/\/threeseasonsbike.com\/it\/wp-json\/wp\/v2\/pages\/466\/revisions\/897"}],"wp:attachment":[{"href":"https:\/\/threeseasonsbike.com\/it\/wp-json\/wp\/v2\/media?parent=466"}],"curies":[{"name":"wp","href":"https:\/\/api.w.org\/{rel}","templated":true}]}}