{"id":460,"date":"2021-05-18T19:52:48","date_gmt":"2021-05-18T17:52:48","guid":{"rendered":"https:\/\/threeseasonsbike.com\/site\/bike-school\/"},"modified":"2026-02-06T19:53:02","modified_gmt":"2026-02-06T18:53:02","slug":"bike-school","status":"publish","type":"page","link":"https:\/\/threeseasonsbike.com\/it\/bike-school\/","title":{"rendered":"Scuola MTB"},"content":{"rendered":"<div class=\"wpb-content-wrapper\"><p>[vc_row full_width=&#8221;stretch_row_content_no_spaces&#8221; css=&#8221;.vc_custom_1622636205960{background-image: url(https:\/\/threeseasonsbike.com\/site\/wp-content\/uploads\/2021\/06\/threeseasons-school-cover-scaled.jpg?id=399) !important;background-position: center !important;background-repeat: no-repeat !important;background-size: cover !important;}&#8221;][vc_column offset=&#8221;vc_hidden-sm vc_hidden-xs&#8221;][vc_empty_space height=&#8221;400px&#8221;][vc_column_text el_class=&#8221;large-spacing-one&#8221;]<\/p>\n<h1 style=\"text-align: center;\">SCUOLA MTB<\/h1>\n<p>[\/vc_column_text][vc_column_text css=&#8221;.vc_custom_1622650781864{padding-right: 20% !important;padding-left: 20% !important;}&#8221; el_class=&#8221;normalspacing&#8221;]<\/p>\n<h2 style=\"text-align: center;\">Ti serve un maestro di Mountain Bike?<br \/>\nNiente di pi\u00f9 semplice che venire alla nostra Bike School a Pila.<\/h2>\n<p>[\/vc_column_text][vc_empty_space height=&#8221;400px&#8221;][\/vc_column][\/vc_row][vc_row full_width=&#8221;stretch_row_content_no_spaces&#8221; css=&#8221;.vc_custom_1622226744820{background-image: url(https:\/\/threeseasonsbike.com\/site\/wp-content\/uploads\/2021\/05\/bike-school-1-scaled.jpg?id=351) !important;background-position: center !important;background-repeat: no-repeat !important;background-size: cover !important;}&#8221;][vc_column offset=&#8221;vc_hidden-lg vc_hidden-md&#8221;][vc_empty_space height=&#8221;200px&#8221;][vc_column_text el_class=&#8221;large-spacing-three&#8221;]<\/p>\n<h1 style=\"text-align: center;\">SCUOLA MTB<\/h1>\n<p>[\/vc_column_text][vc_column_text css=&#8221;.vc_custom_1622650506111{padding-right: 7% !important;padding-left: 7% !important;}&#8221; el_class=&#8221;normalspacing&#8221;]<\/p>\n<h2 style=\"text-align: center;\">Ti serve un istruttore?<br \/>\nNiente di pi\u00f9 semplice che venire alla nostra Bike School a Pila.<\/h2>\n<p>[\/vc_column_text][vc_empty_space height=&#8221;250px&#8221;][\/vc_column][\/vc_row][vc_row css=&#8221;.vc_custom_1622643400904{background-color: #637a53 !important;}&#8221;][vc_column css=&#8221;.vc_custom_1622220105050{padding-right: 10% !important;padding-left: 10% !important;}&#8221;][vc_row_inner][vc_column_inner css=&#8221;.vc_custom_1622645731827{padding-right: 15% !important;padding-left: 15% !important;}&#8221; offset=&#8221;vc_hidden-sm vc_hidden-xs&#8221;][vc_empty_space height=&#8221;40px&#8221;][vc_column_text el_class=&#8221;payoff-h1&#8243;]<\/p>\n<h1 style=\"text-align: center;\">Perch\u00e9 rivolgersi ad un maestro?<\/h1>\n<h1 style=\"text-align: center; margin-top: 20px; font-size: 29px !important;\">Potete pensare che ad andare in bici si impari da piccoli. Ok. Ma percorrere sentieri naturali di downhill ed enduro non \u00e8 cos\u00ec semplice come pedalare lungo le ciclabili delle vostre citt\u00e0.<br \/>\nSe volete godervi a pieno i vostri sentieri di salita e discesa, dovete affrontare ogni ostacolo o difficolt\u00e0 tecnica con la giusta attitudine ed in completa sicurezza.<\/h1>\n<p>[\/vc_column_text][vc_empty_space height=&#8221;20px&#8221;][vc_column_text el_class=&#8221;payoff-h1&#8243;]<\/p>\n<h1 style=\"text-align: center;\">&#8220;Ma io sono un rider esperto!&#8221;<\/h1>\n<h1 style=\"text-align: center; margin-top: 20px; font-size: 29px !important;\">Quindi, perch\u00e9 non passare al livello successivo migliorando ulteriormente la tua tecnica?<\/h1>\n<p>[\/vc_column_text][vc_empty_space height=&#8221;40px&#8221;][\/vc_column_inner][\/vc_row_inner][vc_row_inner][vc_column_inner offset=&#8221;vc_hidden-lg vc_hidden-md&#8221;][vc_empty_space height=&#8221;40px&#8221;][vc_column_text el_class=&#8221;payoff-h1&#8243;]<\/p>\n<h1 style=\"text-align: center;\">Perch\u00e9 rivolgersi ad un maestro?<\/h1>\n<h1 style=\"text-align: center; margin-top: 20px; font-size: 29px !important;\">Potete pensare che ad andare in bici si impari da piccoli. Ok. Ma percorrere sentieri naturali di downhill ed enduro non \u00e8 cos\u00ec semplice come pedalare lungo le ciclabili delle vostre citt\u00e0.<br \/>\nSe volete godervi a pieno i vostri sentieri di salita e discesa, dovete affrontare ogni ostacolo o difficolt\u00e0 tecnica con la giusta attitudine ed in completa sicurezza.<\/h1>\n<p>[\/vc_column_text][vc_empty_space height=&#8221;20px&#8221;][vc_column_text el_class=&#8221;payoff-h1&#8243;]<\/p>\n<h1 style=\"text-align: center;\">&#8220;Ma io sono un rider esperto!&#8221;<\/h1>\n<h1 style=\"text-align: center; margin-top: 20px; font-size: 29px !important;\">Quindi, perch\u00e9 non passare al livello successivo migliorando ulteriormente la tua tecnica?<\/h1>\n<p>[\/vc_column_text][vc_empty_space height=&#8221;40px&#8221;][\/vc_column_inner][\/vc_row_inner][\/vc_column][\/vc_row][vc_row css=&#8221;.vc_custom_1622221018456{padding-right: 5% !important;padding-left: 5% !important;}&#8221;][vc_column][vc_empty_space height=&#8221;100px&#8221;][vc_column_text css=&#8221;&#8221; el_class=&#8221;payoff-h1&#8243;]<\/p>\n<h1 style=\"text-align: center; margin-top: 20px; font-size: 29px !important;\">Adesso puoi scegliere il tuo Bike Park preferito tra Pila, la Thuile e Courmayeur e avere un maestro su misura per le tue esigenze, lavorare su tecnica e velocit\u00e0.<\/h1>\n<p>[\/vc_column_text][vc_empty_space height=&#8221;80px&#8221;][\/vc_column][\/vc_row][vc_row css=&#8221;.vc_custom_1622220097195{padding-right: 10% !important;padding-left: 10% !important;}&#8221;][vc_column css=&#8221;.vc_custom_1622220105050{padding-right: 10% !important;padding-left: 10% !important;}&#8221;][vc_column_text]<\/p>\n<h2 class=\"vc_custom_heading\">PILA BIKE SCHOOL<\/h2>\n<p>[\/vc_column_text][vc_column_text css=&#8221;&#8221; el_class=&#8221;levels&#8221;]<span class=\"level intermediate\">Intermediate<\/span> <span class=\"level technical\">Technical<\/span> <span class=\"level flow\">Flow<\/span>[\/vc_column_text][vc_column_text css=&#8221;&#8221;]Adatto ad ogni livello di rider un mix perfetto tra Bike Park e trails naturali, ottimo per chi ama migliorare la propria tecnica su sponde e salti. Immersi in uno dei Bike Park che vive al massimo il panorama downhill e enduro a livello mondiale, le sue piste ti permetteranno di migliorare la tua tecnica di guida in situazioni diverse.[\/vc_column_text][vc_btn title=&#8221;Prenota la tua lezione&#8221; shape=&#8221;round&#8221; color=&#8221;white&#8221; css=&#8221;&#8221; link=&#8221;url:https%3A%2F%2Fwa.me%2F%2B393463882034&#8243; el_class=&#8221;prenota&#8221;][vc_empty_space height=&#8221;40px&#8221;][\/vc_column][\/vc_row][vc_row css=&#8221;.vc_custom_1622220097195{padding-right: 10% !important;padding-left: 10% !important;}&#8221;][vc_column css=&#8221;.vc_custom_1622220105050{padding-right: 10% !important;padding-left: 10% !important;}&#8221;][vc_empty_space height=&#8221;40px&#8221;][\/vc_column][\/vc_row][vc_row css=&#8221;.vc_custom_1622220097195{padding-right: 10% !important;padding-left: 10% !important;}&#8221;][vc_column css=&#8221;.vc_custom_1622220105050{padding-right: 10% !important;padding-left: 10% !important;}&#8221;][vc_column_text css=&#8221;&#8221;]<\/p>\n<h2 class=\"vc_custom_heading\">LA THUILE BIKE SCHOOL<\/h2>\n<p>[\/vc_column_text][vc_column_text css=&#8221;&#8221; el_class=&#8221;levels&#8221;]<span class=\"level advanced\">Advanced<\/span> <span class=\"level steep\">Steep<\/span> <span class=\"level technical\">Technical<\/span>[\/vc_column_text][vc_column_text css=&#8221;&#8221;]Perfetto per i rider pi\u00f9 esperti che vogliono lavorare e raggiungere un nuovo livello in uno dei Bike Park pi\u00f9 tecnici delle Alpi. Sentieri naturali ripidi con radici e rock session perfetto per migliorare la guida su trails naturali e alpini.[\/vc_column_text][vc_btn title=&#8221;Prenota la tua lezione&#8221; shape=&#8221;round&#8221; color=&#8221;white&#8221; css=&#8221;&#8221; link=&#8221;url:https%3A%2F%2Fwa.me%2F%2B393463882034&#8243; el_class=&#8221;prenota&#8221;][vc_empty_space height=&#8221;40px&#8221;][\/vc_column][\/vc_row][vc_row css=&#8221;.vc_custom_1622220097195{padding-right: 10% !important;padding-left: 10% !important;}&#8221;][vc_column css=&#8221;.vc_custom_1622220105050{padding-right: 10% !important;padding-left: 10% !important;}&#8221;][vc_empty_space height=&#8221;40px&#8221;][\/vc_column][\/vc_row][vc_row css=&#8221;.vc_custom_1622220097195{padding-right: 10% !important;padding-left: 10% !important;}&#8221;][vc_column css=&#8221;.vc_custom_1622220105050{padding-right: 10% !important;padding-left: 10% !important;}&#8221;][vc_column_text css=&#8221;&#8221;]<\/p>\n<h2 class=\"vc_custom_heading\">COURMAYEUR BIKE SCHOOL<\/h2>\n<p>[\/vc_column_text][vc_column_text css=&#8221;&#8221; el_class=&#8221;levels&#8221;]<span class=\"level easy\">Easy<\/span> <span class=\"level flow\">Flow<\/span>[\/vc_column_text][vc_column_text css=&#8221;&#8221;]Perfetto per muovere i primi passi in un nuovo e vero Bike Park alpino con una vista costante sul Monte Bianco. Questo bike park ti consente di lavorare su flow Line con salti e curve imparare ad avere il pieno controllo.[\/vc_column_text][vc_btn title=&#8221;Prenota la tua lezione&#8221; shape=&#8221;round&#8221; color=&#8221;white&#8221; css=&#8221;&#8221; link=&#8221;url:https%3A%2F%2Fwa.me%2F%2B393463882034&#8243; el_class=&#8221;prenota&#8221;][vc_empty_space height=&#8221;40px&#8221;][\/vc_column][\/vc_row][vc_row disable_element=&#8221;yes&#8221; css=&#8221;.vc_custom_1764081265504{padding-right: 10% !important;padding-left: 10% !important;}&#8221;][vc_column css=&#8221;.vc_custom_1622220105050{padding-right: 10% !important;padding-left: 10% !important;}&#8221;][vc_single_image image=&#8221;790&#8243; img_size=&#8221;full&#8221; alignment=&#8221;center&#8221; css=&#8221;&#8221;][vc_single_image image=&#8221;788&#8243; img_size=&#8221;full&#8221; alignment=&#8221;center&#8221; css=&#8221;&#8221;][\/vc_column][\/vc_row][vc_row css=&#8221;.vc_custom_1753867086058{padding-right: 0% !important;padding-left: 0% !important;}&#8221;][vc_column css=&#8221;.vc_custom_1753867177176{padding-right: 10% !important;padding-left: 10% !important;}&#8221; offset=&#8221;vc_hidden-sm vc_hidden-xs&#8221;][vc_empty_space height=&#8221;30px&#8221;][vc_single_image image=&#8221;805&#8243; img_size=&#8221;full&#8221; alignment=&#8221;center&#8221; css_animation=&#8221;fadeIn&#8221; css=&#8221;&#8221;][vc_empty_space height=&#8221;40px&#8221;][\/vc_column][\/vc_row][vc_row css=&#8221;.vc_custom_1753867086058{padding-right: 0% !important;padding-left: 0% !important;}&#8221;][vc_column css=&#8221;.vc_custom_1753867185890{padding-right: 10% !important;padding-left: 10% !important;}&#8221; offset=&#8221;vc_hidden-lg vc_hidden-md&#8221;][vc_empty_space height=&#8221;30px&#8221;][vc_single_image image=&#8221;809&#8243; img_size=&#8221;full&#8221; alignment=&#8221;center&#8221; css_animation=&#8221;fadeIn&#8221; css=&#8221;&#8221;][vc_empty_space height=&#8221;40px&#8221;][\/vc_column][\/vc_row][vc_row][vc_column][vc_empty_space height=&#8221;80px&#8221;][vc_column_text]<\/p>\n<h2 class=\"vc_custom_heading\" style=\"text-align: center;\">PREZZI<\/h2>\n<p>[\/vc_column_text][vc_empty_space height=&#8221;40px&#8221;][vc_row_inner disable_element=&#8221;yes&#8221; css=&#8221;.vc_custom_1753454325731{padding-right: 15% !important;padding-left: 15% !important;}&#8221;][vc_column_inner width=&#8221;1\/3&#8243;][lab_pricing_table purchase_link=&#8221;url:https%3A%2F%2Fwa.me%2F%2B393463882034|title:PRENOTA|target:_blank&#8221; table_style=&#8221;minimal&#8221; plan_price=&#8221;1h&#8221; plan_description=&#8221;1 persona \u2013 \u20ac 40<br \/>\n2 persone \u2013 \u20ac 55<br \/>\n3 persone \u2013 \u20ac 65<br \/>\n4 persone \u2013 \u20ac 80<br \/>\n5 persone \u2013 \u20ac 95<br \/>\n6 persone \u2013 \u20ac 110&#8243; title=&#8221;Pila Bikeland&#8221; plan_features=&#8221;Guida Regionale VDA e &#8220;Maestro Mountain Bike&#8220; certificati dalla F.C.I.&#8221;][\/vc_column_inner][vc_column_inner width=&#8221;1\/3&#8243;][lab_pricing_table purchase_link=&#8221;url:https%3A%2F%2Fwa.me%2F%2B393463882034|title:PRENOTA|target:_blank&#8221; table_style=&#8221;minimal&#8221; plan_price=&#8221;2h&#8221; plan_description=&#8221;1 persona \u2013 \u20ac 75<br \/>\n2 persone \u2013 \u20ac 105<br \/>\n3 persone \u2013 \u20ac 125<br \/>\n4 persone \u2013 \u20ac 155<br \/>\n5 persone \u2013 \u20ac 185<br \/>\n6 persone \u2013 \u20ac 215&#8243; title=&#8221;Pila Bikeland&#8221; plan_features=&#8221;Guida Regionale VDA e &#8220;Maestro Mountain Bike&#8220; certificati dalla F.C.I.&#8221;][\/vc_column_inner][vc_column_inner width=&#8221;1\/3&#8243;][lab_pricing_table purchase_link=&#8221;url:https%3A%2F%2Fwa.me%2F%2B393463882034|title:PRENOTA|target:_blank&#8221; table_style=&#8221;minimal&#8221; plan_price=&#8221;3h&#8221; plan_description=&#8221;Mezza giornata (3h)<br \/>\n1 persona \u2013 \u20ac 110<br \/>\n2 person \u2013 \u20ac 150<br \/>\n3 person \u2013 \u20ac 180<br \/>\n4 persone \u2013 \u20ac 225<br \/>\n5 persone \u2013 \u20ac 270<br \/>\n6 persone \u2013 \u20ac 315&#8243; title=&#8221;Pila Bikeland&#8221; plan_features=&#8221;Guida Regionale VDA e &#8220;Maestro Mountain Bike&#8220; certificati dalla F.C.I.&#8221;][\/vc_column_inner][\/vc_row_inner][vc_row_inner equal_height=&#8221;yes&#8221; css=&#8221;.vc_custom_1656070254837{padding-right: 5% !important;padding-left: 5% !important;}&#8221;][vc_column_inner width=&#8221;1\/3&#8243; css=&#8221;.vc_custom_1656069532230{padding-right: 10% !important;padding-left: 10% !important;}&#8221; offset=&#8221;vc_hidden-sm vc_hidden-xs&#8221;][\/vc_column_inner][vc_column_inner width=&#8221;1\/3&#8243; offset=&#8221;vc_hidden-sm vc_hidden-xs&#8221;][lab_pricing_table purchase_link=&#8221;url:https%3A%2F%2Fwa.me%2F%2B393463882034|title:PRENOTA|target:_blank&#8221; table_style=&#8221;minimal&#8221; plan_price=&#8221;1 ora di lezione&#8221; plan_description=&#8221;1 persona \u2013 \u20ac 45<br \/>\n2 persone \u2013 \u20ac 60<br \/>\n3 persone \u2013 \u20ac 75<br \/>\n4 persone \u2013 \u20ac 100<br \/>\n5 persone \u2013 \u20ac 100<br \/>\n6 persone \u2013 \u20ac 120&#8243; title=&#8221;Pila Bikeland&#8221; plan_features=&#8221;#E-8_R3VpZGElMjBSZWdpb25hbGUlMjBWREElMjBlJTIwJTIyTWFlc3RybyUyME1vdW50YWluJTIwQmlrZSUyMiUyMGNlcnRpZmljYXRpJTIwZGFsbGElMjBGLkMuSS4=&#8221; css=&#8221;.vc_custom_1753454261726{padding-right: 5% !important;padding-left: 5% !important;}&#8221;][\/vc_column_inner][vc_column_inner width=&#8221;1\/3&#8243;][\/vc_column_inner][\/vc_row_inner][vc_row_inner css=&#8221;.vc_custom_1656069763518{padding-right: 5% !important;padding-left: 5% !important;}&#8221;][vc_column_inner width=&#8221;1\/2&#8243; offset=&#8221;vc_hidden-lg vc_hidden-md&#8221;][lab_pricing_table purchase_link=&#8221;url:https%3A%2F%2Fwa.me%2F%2B393463882034|title:PRENOTA|target:_blank&#8221; table_style=&#8221;minimal&#8221; plan_price=&#8221;1 ora di lezione&#8221; plan_description=&#8221;1 persona \u2013 \u20ac 45<br \/>\n2 persone \u2013 \u20ac 60<br \/>\n3 persone \u2013 \u20ac 75<br \/>\n4 persone \u2013 \u20ac 100<br \/>\n5 persone \u2013 \u20ac 100<br \/>\n6 persone \u2013 \u20ac 120&#8243; title=&#8221;Pila Bikeland&#8221; plan_features=&#8221;#E-8_R3VpZGElMjBSZWdpb25hbGUlMjBWREElMjBlJTIwJTIyTWFlc3RybyUyME1vdW50YWluJTIwQmlrZSUyMiUyMGNlcnRpZmljYXRpJTIwZGFsbGElMjBGLkMuSS4=&#8221;][\/vc_column_inner][vc_column_inner width=&#8221;1\/2&#8243; offset=&#8221;vc_hidden-lg vc_hidden-md&#8221;][vc_single_image image=&#8221;123&#8243; img_size=&#8221;full&#8221; alignment=&#8221;center&#8221; style=&#8221;vc_box_shadow_3d&#8221;][\/vc_column_inner][\/vc_row_inner][vc_empty_space height=&#8221;20px&#8221;][vc_column_text]<\/p>\n<p style=\"text-align: center;\">La scuola \u00e8 aperta tutti i giorni din base ai giorni di apertura di Pila Bikeland.<br \/>\nCi trovi alla partenza della seggiovia Chamol\u00e8.<br \/>\n<a href=\"https:\/\/goo.gl\/maps\/nsaEveVSTkjWADaHA\" target=\"_blank\" rel=\"noopener\">Frazione Pila, 22, 11020 Pila AO &#8211; ITALY<\/a><\/p>\n<p>[\/vc_column_text][vc_empty_space height=&#8221;80px&#8221;][\/vc_column][\/vc_row][vc_row full_width=&#8221;stretch_row_content_no_spaces&#8221;][vc_column][vc_masonry_media_grid gap=&#8221;0&#8243; item=&#8221;330&#8243; css=&#8221;&#8221; grid_id=&#8221;vc_gid:1770403529372-3aa9df18-bcbc-4&#8243; include=&#8221;402,412,410,408,406,879&#8243;][\/vc_column][\/vc_row][vc_row][vc_column][vc_empty_space height=&#8221;150px&#8221;][\/vc_column][\/vc_row]<\/p>\n<\/div>","protected":false},"excerpt":{"rendered":"<p>[vc_row full_width=&#8221;stretch_row_content_no_spaces&#8221; css=&#8221;.vc_custom_1622636205960{background-image: url(https:\/\/threeseasonsbike.com\/site\/wp-content\/uploads\/2021\/06\/threeseasons-school-cover-scaled.jpg?id=399) !important;background-position: center !important;background-repeat: no-repeat !important;background-size: cover !important;}&#8221;][vc_column offset=&#8221;vc_hidden-sm vc_hidden-xs&#8221;][vc_empty_space height=&#8221;400px&#8221;][vc_column_text el_class=&#8221;large-spacing-one&#8221;] SCUOLA MTB [\/vc_column_text][vc_column_text css=&#8221;.vc_custom_1622650781864{padding-right: 20% !important;padding-left: 20% !important;}&#8221; el_class=&#8221;normalspacing&#8221;] Ti serve un maestro di Mountain Bike? Niente di pi\u00f9 semplice che venire alla nostra Bike School a Pila. [\/vc_column_text][vc_empty_space height=&#8221;400px&#8221;][\/vc_column][\/vc_row][vc_row full_width=&#8221;stretch_row_content_no_spaces&#8221; css=&#8221;.vc_custom_1622226744820{background-image: url(https:\/\/threeseasonsbike.com\/site\/wp-content\/uploads\/2021\/05\/bike-school-1-scaled.jpg?id=351) !important;background-position: center !important;background-repeat: no-repeat !important;background-size: cover !important;}&#8221;][vc_column&hellip;<\/p>\n","protected":false},"author":2,"featured_media":0,"parent":0,"menu_order":0,"comment_status":"closed","ping_status":"closed","template":"","meta":{"_acf_changed":false,"footnotes":""},"class_list":["post-460","page","type-page","status-publish","hentry"],"acf":[],"_links":{"self":[{"href":"https:\/\/threeseasonsbike.com\/it\/wp-json\/wp\/v2\/pages\/460","targetHints":{"allow":["GET"]}}],"collection":[{"href":"https:\/\/threeseasonsbike.com\/it\/wp-json\/wp\/v2\/pages"}],"about":[{"href":"https:\/\/threeseasonsbike.com\/it\/wp-json\/wp\/v2\/types\/page"}],"author":[{"embeddable":true,"href":"https:\/\/threeseasonsbike.com\/it\/wp-json\/wp\/v2\/users\/2"}],"replies":[{"embeddable":true,"href":"https:\/\/threeseasonsbike.com\/it\/wp-json\/wp\/v2\/comments?post=460"}],"version-history":[{"count":43,"href":"https:\/\/threeseasonsbike.com\/it\/wp-json\/wp\/v2\/pages\/460\/revisions"}],"predecessor-version":[{"id":881,"href":"https:\/\/threeseasonsbike.com\/it\/wp-json\/wp\/v2\/pages\/460\/revisions\/881"}],"wp:attachment":[{"href":"https:\/\/threeseasonsbike.com\/it\/wp-json\/wp\/v2\/media?parent=460"}],"curies":[{"name":"wp","href":"https:\/\/api.w.org\/{rel}","templated":true}]}}